{"id":66533,"date":"2020-06-18T21:19:18","date_gmt":"2020-06-18T21:19:18","guid":{"rendered":"https:\/\/antikor.co.rs\/istorijat\/"},"modified":"2020-09-08T09:34:13","modified_gmt":"2020-09-08T09:34:13","slug":"history","status":"publish","type":"page","link":"https:\/\/antikor.co.rs\/en\/history\/","title":{"rendered":"History"},"content":{"rendered":"<div class=\"wpb-content-wrapper\"><p>[vc_row row_height_percent=&#8221;50&#8243; override_padding=&#8221;yes&#8221; h_padding=&#8221;2&#8243; top_padding=&#8221;3&#8243; bottom_padding=&#8221;3&#8243; back_color=&#8221;color-wayh&#8221; back_image=&#8221;65602&#8243; back_position=&#8221;center top&#8221; overlay_color=&#8221;color-jevc&#8221; overlay_alpha=&#8221;50&#8243; gutter_size=&#8221;3&#8243; column_width_percent=&#8221;100&#8243; shift_y=&#8221;0&#8243; z_index=&#8221;0&#8243;][vc_column column_width_percent=&#8221;100&#8243; position_vertical=&#8221;bottom&#8221; style=&#8221;dark&#8221; overlay_alpha=&#8221;50&#8243; gutter_size=&#8221;3&#8243; medium_width=&#8221;0&#8243; shift_x=&#8221;0&#8243; shift_y=&#8221;0&#8243; zoom_width=&#8221;0&#8243; zoom_height=&#8221;0&#8243; width=&#8221;1\/1&#8243;][vc_custom_heading heading_semantic=&#8221;h1&#8243; text_size=&#8221;fontsize-338686&#8243; text_height=&#8221;fontheight-179065&#8243; text_weight=&#8221;700&#8243; sub_reduced=&#8221;yes&#8221;]History[\/vc_custom_heading][\/vc_column][\/vc_row][vc_row row_height_percent=&#8221;0&#8243; override_padding=&#8221;yes&#8221; h_padding=&#8221;2&#8243; top_padding=&#8221;3&#8243; bottom_padding=&#8221;3&#8243; overlay_color=&#8221;color-xsdn&#8221; overlay_alpha=&#8221;70&#8243; gutter_size=&#8221;100&#8243; shift_y=&#8221;0&#8243; style=&#8221;inherited&#8221; row_name=&#8221;Welcome&#8221;][vc_column column_width_percent=&#8221;100&#8243; overlay_alpha=&#8221;50&#8243; gutter_size=&#8221;1&#8243; medium_width=&#8221;0&#8243; shift_x=&#8221;0&#8243; shift_y=&#8221;0&#8243; z_index=&#8221;0&#8243; width=&#8221;1\/4&#8243;][vc_custom_heading text_size=&#8221;h4&#8243; text_transform=&#8221;capitalize&#8221; text_align=&#8221;text-left&#8221; text_uppercase=&#8221;&#8221;]Foundation[\/vc_custom_heading][\/vc_column][vc_column column_width_percent=&#8221;100&#8243; overlay_alpha=&#8221;50&#8243; gutter_size=&#8221;3&#8243; medium_width=&#8221;0&#8243; shift_x=&#8221;0&#8243; shift_y=&#8221;0&#8243; zoom_width=&#8221;0&#8243; zoom_height=&#8221;0&#8243; width=&#8221;3\/4&#8243;][vc_row_inner row_inner_height_percent=&#8221;0&#8243; overlay_alpha=&#8221;50&#8243; gutter_size=&#8221;4&#8243; shift_y=&#8221;0&#8243;][vc_column_inner width=&#8221;1\/1&#8243;][vc_custom_heading heading_semantic=&#8221;h4&#8243; text_size=&#8221;h4&#8243;]The company was founded on January 6, 1954. to perform production and servicing.[\/vc_custom_heading][vc_column_text]The Association of Engineers and Technicians for the Protection of Materials of Yugoslavia, as it was originally called the Corrosion Engineering Society, had its beginnings in 1952 through the Commission for Corrosion Protection. This commission existed within the Society of Chemists and Technologists of the DIT, although some roots in corrosion protection are mentioned even before the Second World War. The initiators for the formation of this Commission were Dr. Eng. Frano Podbre\u017enik, Prof. Dr. Bla\u017eon, Prof. Dr. Milan Pajevi\u0107 and Sveta \u017divanovi\u0107. The commission had 15 active members and worked in three subcommittees.<\/p>\n<p>In January 1953, this Commission grew into the Center for Corrosion Protection with the basic task of working on anti-corrosion protection of all materials, devices, equipment and installations. Already in the first year of its existence, this Center formed its service workshop for phosphating and started publishing its professional publications.<\/p>\n<p>Further work of the Center, until its transformation into a Society and later into an Alliance, took place in commissions and service workshops through which intensive work was held on holding various courses and lectures in the field of material corrosion and protection and also on the development of corrosion projects. protection of various facilities and equipment for many companies.<\/p>\n<p>On May 8, 1954, the Center for Corrosion Protection grew into the Society for the Protection of Materials of the Federal People&#8217;s Republic of Yugoslavia, which is\u00a0considered the day of its founding. The first president of the Board of Directors of the Society for the Protection of Materials of the Federal People&#8217;s Republic of Yugoslavia was prof. Blagojevi\u0107 and the first president of the Executive Board was Prof. Dr. Miroslav Kar\u0161ulin.[\/vc_column_text][\/vc_column_inner][\/vc_row_inner][\/vc_column][\/vc_row][vc_row unlock_row=&#8221;&#8221; row_height_percent=&#8221;0&#8243; override_padding=&#8221;yes&#8221; h_padding=&#8221;2&#8243; top_padding=&#8221;3&#8243; bottom_padding=&#8221;3&#8243; overlay_alpha=&#8221;100&#8243; gutter_size=&#8221;100&#8243; style=&#8221;inherited&#8221;][vc_column column_width_percent=&#8221;100&#8243; align_horizontal=&#8221;align_center&#8221; overlay_alpha=&#8221;50&#8243; gutter_size=&#8221;3&#8243; medium_width=&#8221;0&#8243; shift_x=&#8221;0&#8243; shift_y=&#8221;0&#8243; zoom_width=&#8221;0&#8243; zoom_height=&#8221;0&#8243; width=&#8221;1\/1&#8243;][vc_gallery el_id=&#8221;gallery-12-en&#8221; type=&#8221;carousel&#8221; medias=&#8221;65617,65616,65615,65614,65613,65612,65611,65610,65609,65608,65607,65606,65605,65604,65603,65602,65601,65600,65599&#8243; carousel_lg=&#8221;1&#8243; carousel_md=&#8221;1&#8243; carousel_sm=&#8221;1&#8243; thumb_size=&#8221;sixteen-nine&#8221; gutter_size=&#8221;0&#8243; media_items=&#8221;media|nolink|original&#8221; carousel_type=&#8221;fade&#8221; carousel_interval=&#8221;0&#8243; carousel_navspeed=&#8221;400&#8243; carousel_loop=&#8221;yes&#8221; carousel_nav=&#8221;yes&#8221; carousel_dots=&#8221;yes&#8221; carousel_dots_mobile=&#8221;yes&#8221; stage_padding=&#8221;0&#8243; single_overlay_opacity=&#8221;50&#8243; single_text_anim=&#8221;no&#8221; single_overlay_anim=&#8221;no&#8221; single_image_anim=&#8221;no&#8221; single_h_align=&#8221;center&#8221; single_padding=&#8221;2&#8243; single_icon=&#8221;fa fa-search3&#8243; single_border=&#8221;yes&#8221; lbox_caption=&#8221;yes&#8221; no_double_tap=&#8221;yes&#8221; carousel_rtl=&#8221;&#8221; single_title_uppercase=&#8221;&#8221; single_title_bold=&#8221;&#8221; single_title_serif=&#8221;&#8221; onclick=&#8221;link_image&#8221; custom_links_target=&#8221;_self&#8221; items=&#8221;eyI4ODY4X2kiOnsic2luZ2xlX3dpZHRoIjoiNCIsInNpbmdsZV9oZWlnaHQiOiI0In0sIjg4NjJfaSI6eyJzaW5nbGVfd2lkdGgiOiI0Iiwic2luZ2xlX2hlaWdodCI6IjQifSwiODg2MF9pIjp7InNpbmdsZV93aWR0aCI6IjQiLCJzaW5nbGVfaGVpZ2h0IjoiNCJ9LCIyNjIxOF9pIjp7InNpbmdsZV93aWR0aCI6IjQiLCJzaW5nbGVfaGVpZ2h0IjoiNCJ9LCIyNjIyNF9pIjp7InNpbmdsZV93aWR0aCI6IjQiLCJzaW5nbGVfaGVpZ2h0IjoiNCJ9LCIyNjIyMl9pIjp7InNpbmdsZV93aWR0aCI6IjQiLCJzaW5nbGVfaGVpZ2h0IjoiNCJ9LCIyNjIyOV9pIjp7InNpbmdsZV93aWR0aCI6IjQiLCJzaW5nbGVfaGVpZ2h0IjoiNCJ9fQ==&#8221; single_half_padding=&#8221;&#8221; single_no_background=&#8221;&#8221;][\/vc_column][\/vc_row][vc_row row_height_percent=&#8221;0&#8243; override_padding=&#8221;yes&#8221; h_padding=&#8221;2&#8243; top_padding=&#8221;3&#8243; bottom_padding=&#8221;3&#8243; overlay_color=&#8221;color-xsdn&#8221; overlay_alpha=&#8221;70&#8243; gutter_size=&#8221;100&#8243; shift_y=&#8221;0&#8243; style=&#8221;inherited&#8221; row_name=&#8221;Welcome&#8221;][vc_column column_width_percent=&#8221;100&#8243; overlay_alpha=&#8221;50&#8243; gutter_size=&#8221;1&#8243; medium_width=&#8221;0&#8243; shift_x=&#8221;0&#8243; shift_y=&#8221;0&#8243; z_index=&#8221;0&#8243; width=&#8221;1\/4&#8243;][vc_custom_heading text_size=&#8221;h4&#8243; text_transform=&#8221;capitalize&#8221; text_align=&#8221;text-left&#8221; text_uppercase=&#8221;&#8221;]Antikor[\/vc_custom_heading][\/vc_column][vc_column column_width_percent=&#8221;100&#8243; overlay_alpha=&#8221;50&#8243; gutter_size=&#8221;3&#8243; medium_width=&#8221;0&#8243; shift_x=&#8221;0&#8243; shift_y=&#8221;0&#8243; zoom_width=&#8221;0&#8243; zoom_height=&#8221;0&#8243; width=&#8221;3\/4&#8243;][vc_row_inner row_inner_height_percent=&#8221;0&#8243; overlay_alpha=&#8221;50&#8243; gutter_size=&#8221;4&#8243; shift_y=&#8221;0&#8243;][vc_column_inner width=&#8221;1\/1&#8243;][vc_column_text]After its establishment, the Company formed its Central Laboratory for Corrosion Protection, which later grew into two socially-owned companies: the Institute for Material Protection and the company &#8220;Antikor&#8221;, which are engaged in the production of corrosion protection products and preparations for heat treatment and protection of buildings. from corrosion. Also, the Society continues its further successful work on publishing activities by printing popular publications and various professional books. The company successfully organizes various seminars, lectures and courses where it trains engineers and technicians of various professions on the consequences of corrosion and the possibilities of protection against it. Intensive cooperation is being developed with economic organizations on the territory of the whole of Yugoslavia.<\/p>\n<p>Performing its work tasks with quality, the scope of construction activities quickly increased and a large number of construction sites were formed, which resulted in 1965. designated for specialized anti-corrosion protection activities.<\/p>\n<p>Job training for very specific types of activities then represent a novelty in the region for jobs in industry and construction, so it gained first-class importance.<\/p>\n<p>The need for this type of work and high quality work performed, enabled the dynamic development of the company, the conquest of new markets with the tracing of the path to create and maintain the reputation of a reliable company.<\/p>\n<p>Working on long-term development planning, Antikor d.o.o. most closely cooperates with all research teams of numerous domestic and foreign institutions. During the work so far, results have been achieved that are, both in terms of quality and in terms of productivity, at the level of global companies in this field.[\/vc_column_text][vc_custom_heading heading_semantic=&#8221;h4&#8243; text_size=&#8221;h4&#8243;]During the 80s, Antikor d.o.o. reaches the peak of growth and with over 1500 employees, represents the company as a leader in the field of anti-corrosion protection in the region.[\/vc_custom_heading][vc_column_text]We successfully overcame all the events in the former Yugoslavia during the 1990s and entered the third millennium, transformed into a joint stock company, so that today we continue to successfully carry out the work. The main activities of the company have been successfully expanded and developed in other fields as well.[\/vc_column_text][vc_custom_heading heading_semantic=&#8221;h4&#8243; text_size=&#8221;h4&#8243;]Tens of millions of m<sup>2\u00a0<\/sup>of protected areas is a confirmation that we are even more active today.[\/vc_custom_heading][\/vc_column_inner][\/vc_row_inner][\/vc_column][\/vc_row]<\/p>\n<\/div>","protected":false},"excerpt":{"rendered":"<p>[vc_row row_height_percent=&#8221;50&#8243; override_padding=&#8221;yes&#8221; h_padding=&#8221;2&#8243; top_padding=&#8221;3&#8243; bottom_padding=&#8221;3&#8243; back_color=&#8221;color-wayh&#8221; back_image=&#8221;65602&#8243; back_position=&#8221;center top&#8221; overlay_color=&#8221;color-jevc&#8221; overlay_alpha=&#8221;50&#8243; gutter_size=&#8221;3&#8243; column_width_percent=&#8221;100&#8243; shift_y=&#8221;0&#8243; z_index=&#8221;0&#8243;][vc_column column_width_percent=&#8221;100&#8243; position_vertical=&#8221;bottom&#8221; style=&#8221;dark&#8221; overlay_alpha=&#8221;50&#8243; [&hellip;]<\/p>\n","protected":false},"author":1,"featured_media":0,"parent":0,"menu_order":0,"comment_status":"closed","ping_status":"closed","template":"","meta":{"footnotes":""},"class_list":["post-66533","page","type-page","status-publish","hentry"],"yoast_head":"<!-- This site is optimized with the Yoast SEO plugin v27.2 - https:\/\/yoast.com\/product\/yoast-seo-wordpress\/ -->\n<title>History - Antikor<\/title>\n<meta name=\"robots\" content=\"index, follow, max-snippet:-1, max-image-preview:large, max-video-preview:-1\" \/>\n<link rel=\"canonical\" href=\"https:\/\/antikor.co.rs\/en\/history\/\" \/>\n<meta property=\"og:locale\" content=\"en_US\" \/>\n<meta property=\"og:type\" content=\"article\" \/>\n<meta property=\"og:title\" content=\"History - Antikor\" \/>\n<meta property=\"og:description\" content=\"[vc_row row_height_percent=&#8221;50&#8243; override_padding=&#8221;yes&#8221; h_padding=&#8221;2&#8243; top_padding=&#8221;3&#8243; bottom_padding=&#8221;3&#8243; back_color=&#8221;color-wayh&#8221; back_image=&#8221;65602&#8243; back_position=&#8221;center top&#8221; overlay_color=&#8221;color-jevc&#8221; overlay_alpha=&#8221;50&#8243; gutter_size=&#8221;3&#8243; column_width_percent=&#8221;100&#8243; shift_y=&#8221;0&#8243; z_index=&#8221;0&#8243;][vc_column column_width_percent=&#8221;100&#8243; position_vertical=&#8221;bottom&#8221; style=&#8221;dark&#8221; overlay_alpha=&#8221;50&#8243; [&hellip;]\" \/>\n<meta property=\"og:url\" content=\"https:\/\/antikor.co.rs\/en\/history\/\" \/>\n<meta property=\"og:site_name\" content=\"Antikor\" \/>\n<meta property=\"article:publisher\" content=\"https:\/\/www.facebook.com\/antikor.doo\/\" \/>\n<meta property=\"article:modified_time\" content=\"2020-09-08T09:34:13+00:00\" \/>\n<meta name=\"twitter:card\" content=\"summary_large_image\" \/>\n<meta name=\"twitter:label1\" content=\"Est. reading time\" \/>\n\t<meta name=\"twitter:data1\" content=\"6 minutes\" \/>\n<script type=\"application\/ld+json\" class=\"yoast-schema-graph\">{\"@context\":\"https:\/\/schema.org\",\"@graph\":[{\"@type\":\"WebPage\",\"@id\":\"https:\/\/antikor.co.rs\/en\/history\/\",\"url\":\"https:\/\/antikor.co.rs\/en\/history\/\",\"name\":\"History - Antikor\",\"isPartOf\":{\"@id\":\"https:\/\/antikor.co.rs\/#website\"},\"datePublished\":\"2020-06-18T21:19:18+00:00\",\"dateModified\":\"2020-09-08T09:34:13+00:00\",\"breadcrumb\":{\"@id\":\"https:\/\/antikor.co.rs\/en\/history\/#breadcrumb\"},\"inLanguage\":\"en-US\",\"potentialAction\":[{\"@type\":\"ReadAction\",\"target\":[\"https:\/\/antikor.co.rs\/en\/history\/\"]}]},{\"@type\":\"BreadcrumbList\",\"@id\":\"https:\/\/antikor.co.rs\/en\/history\/#breadcrumb\",\"itemListElement\":[{\"@type\":\"ListItem\",\"position\":1,\"name\":\"\u041f\u043e\u0447\u0435\u0442\u043d\u0430\",\"item\":\"https:\/\/antikor.co.rs\/en\/\"},{\"@type\":\"ListItem\",\"position\":2,\"name\":\"History\"}]},{\"@type\":\"WebSite\",\"@id\":\"https:\/\/antikor.co.rs\/#website\",\"url\":\"https:\/\/antikor.co.rs\/\",\"name\":\"Antikor\",\"description\":\"Antikorozivna za\u0161tita\",\"publisher\":{\"@id\":\"https:\/\/antikor.co.rs\/#organization\"},\"potentialAction\":[{\"@type\":\"SearchAction\",\"target\":{\"@type\":\"EntryPoint\",\"urlTemplate\":\"https:\/\/antikor.co.rs\/?s={search_term_string}\"},\"query-input\":{\"@type\":\"PropertyValueSpecification\",\"valueRequired\":true,\"valueName\":\"search_term_string\"}}],\"inLanguage\":\"en-US\"},{\"@type\":\"Organization\",\"@id\":\"https:\/\/antikor.co.rs\/#organization\",\"name\":\"Antikor\",\"url\":\"https:\/\/antikor.co.rs\/\",\"logo\":{\"@type\":\"ImageObject\",\"inLanguage\":\"en-US\",\"@id\":\"https:\/\/antikor.co.rs\/#\/schema\/logo\/image\/\",\"url\":\"https:\/\/antikor.co.rs\/wp-content\/uploads\/2017\/05\/logo-feature.jpg\",\"contentUrl\":\"https:\/\/antikor.co.rs\/wp-content\/uploads\/2017\/05\/logo-feature.jpg\",\"width\":700,\"height\":700,\"caption\":\"Antikor\"},\"image\":{\"@id\":\"https:\/\/antikor.co.rs\/#\/schema\/logo\/image\/\"},\"sameAs\":[\"https:\/\/www.facebook.com\/antikor.doo\/\",\"http:\/\/instagram.com\/antikor1954\",\"https:\/\/www.linkedin.com\/search\/results\/all\/?keywords=ANTIKORd.o.o.\"]}]}<\/script>\n<!-- \/ Yoast SEO plugin. -->","yoast_head_json":{"title":"History - Antikor","robots":{"index":"index","follow":"follow","max-snippet":"max-snippet:-1","max-image-preview":"max-image-preview:large","max-video-preview":"max-video-preview:-1"},"canonical":"https:\/\/antikor.co.rs\/en\/history\/","og_locale":"en_US","og_type":"article","og_title":"History - Antikor","og_description":"[vc_row row_height_percent=&#8221;50&#8243; override_padding=&#8221;yes&#8221; h_padding=&#8221;2&#8243; top_padding=&#8221;3&#8243; bottom_padding=&#8221;3&#8243; back_color=&#8221;color-wayh&#8221; back_image=&#8221;65602&#8243; back_position=&#8221;center top&#8221; overlay_color=&#8221;color-jevc&#8221; overlay_alpha=&#8221;50&#8243; gutter_size=&#8221;3&#8243; column_width_percent=&#8221;100&#8243; shift_y=&#8221;0&#8243; z_index=&#8221;0&#8243;][vc_column column_width_percent=&#8221;100&#8243; position_vertical=&#8221;bottom&#8221; style=&#8221;dark&#8221; overlay_alpha=&#8221;50&#8243; [&hellip;]","og_url":"https:\/\/antikor.co.rs\/en\/history\/","og_site_name":"Antikor","article_publisher":"https:\/\/www.facebook.com\/antikor.doo\/","article_modified_time":"2020-09-08T09:34:13+00:00","twitter_card":"summary_large_image","twitter_misc":{"Est. reading time":"6 minutes"},"schema":{"@context":"https:\/\/schema.org","@graph":[{"@type":"WebPage","@id":"https:\/\/antikor.co.rs\/en\/history\/","url":"https:\/\/antikor.co.rs\/en\/history\/","name":"History - Antikor","isPartOf":{"@id":"https:\/\/antikor.co.rs\/#website"},"datePublished":"2020-06-18T21:19:18+00:00","dateModified":"2020-09-08T09:34:13+00:00","breadcrumb":{"@id":"https:\/\/antikor.co.rs\/en\/history\/#breadcrumb"},"inLanguage":"en-US","potentialAction":[{"@type":"ReadAction","target":["https:\/\/antikor.co.rs\/en\/history\/"]}]},{"@type":"BreadcrumbList","@id":"https:\/\/antikor.co.rs\/en\/history\/#breadcrumb","itemListElement":[{"@type":"ListItem","position":1,"name":"\u041f\u043e\u0447\u0435\u0442\u043d\u0430","item":"https:\/\/antikor.co.rs\/en\/"},{"@type":"ListItem","position":2,"name":"History"}]},{"@type":"WebSite","@id":"https:\/\/antikor.co.rs\/#website","url":"https:\/\/antikor.co.rs\/","name":"Antikor","description":"Antikorozivna za\u0161tita","publisher":{"@id":"https:\/\/antikor.co.rs\/#organization"},"potentialAction":[{"@type":"SearchAction","target":{"@type":"EntryPoint","urlTemplate":"https:\/\/antikor.co.rs\/?s={search_term_string}"},"query-input":{"@type":"PropertyValueSpecification","valueRequired":true,"valueName":"search_term_string"}}],"inLanguage":"en-US"},{"@type":"Organization","@id":"https:\/\/antikor.co.rs\/#organization","name":"Antikor","url":"https:\/\/antikor.co.rs\/","logo":{"@type":"ImageObject","inLanguage":"en-US","@id":"https:\/\/antikor.co.rs\/#\/schema\/logo\/image\/","url":"https:\/\/antikor.co.rs\/wp-content\/uploads\/2017\/05\/logo-feature.jpg","contentUrl":"https:\/\/antikor.co.rs\/wp-content\/uploads\/2017\/05\/logo-feature.jpg","width":700,"height":700,"caption":"Antikor"},"image":{"@id":"https:\/\/antikor.co.rs\/#\/schema\/logo\/image\/"},"sameAs":["https:\/\/www.facebook.com\/antikor.doo\/","http:\/\/instagram.com\/antikor1954","https:\/\/www.linkedin.com\/search\/results\/all\/?keywords=ANTIKORd.o.o."]}]}},"_links":{"self":[{"href":"https:\/\/antikor.co.rs\/en\/wp-json\/wp\/v2\/pages\/66533","targetHints":{"allow":["GET"]}}],"collection":[{"href":"https:\/\/antikor.co.rs\/en\/wp-json\/wp\/v2\/pages"}],"about":[{"href":"https:\/\/antikor.co.rs\/en\/wp-json\/wp\/v2\/types\/page"}],"author":[{"embeddable":true,"href":"https:\/\/antikor.co.rs\/en\/wp-json\/wp\/v2\/users\/1"}],"replies":[{"embeddable":true,"href":"https:\/\/antikor.co.rs\/en\/wp-json\/wp\/v2\/comments?post=66533"}],"version-history":[{"count":0,"href":"https:\/\/antikor.co.rs\/en\/wp-json\/wp\/v2\/pages\/66533\/revisions"}],"wp:attachment":[{"href":"https:\/\/antikor.co.rs\/en\/wp-json\/wp\/v2\/media?parent=66533"}],"curies":[{"name":"wp","href":"https:\/\/api.w.org\/{rel}","templated":true}]}}